{"id":3,"date":"2024-05-13T16:06:40","date_gmt":"2024-05-13T14:06:40","guid":{"rendered":"https:\/\/www.copernicus-italia.it\/?page_id=3"},"modified":"2024-05-29T12:51:00","modified_gmt":"2024-05-29T10:51:00","slug":"privacy-policy","status":"publish","type":"page","link":"https:\/\/www.copernicus-italia.it\/?page_id=3","title":{"rendered":"Privacy Policy"},"content":{"rendered":"\n<p>In ottemperanza degli obblighi derivanti dalla normativa nazionale (D. Lgs 30 giugno 2003 n. 196, Codice in materia di protezione dei dati personali) e comunitaria, (Regolamento europeo per la protezione dei dati personali n. 679\/2016, GDPR) e successive modifiche, il presente sito web rispetta e tutela la riservatezza dei visitatori e degli utenti, ponendo in essere ogni sforzo possibile e proporzionato per non ledere i diritti degli utenti.<\/p>\n\n\n\n<p><strong>Titolare del trattamento<\/strong><\/p>\n\n\n\n<p>Il titolare del trattamento dei dati pu\u00f2 essere contattato all\u2019indirizzo email: protocollo.ispra@ispra.legalmail.it<\/p>\n\n\n\n<p>Dati di contatto del Responsabile della protezione dei dati personali<\/p>\n\n\n\n<p>ISPRA ha designato, ai sensi dell\u2019articolo 37 GDPR, un Responsabile della protezione dei dati personali (RPD) o Data Protection Officer (DPO) che \u00e8 contattabile attraverso la seguente email: rpd@isprambiente.it<\/p>\n\n\n\n<p><strong>Consenso al trattamento<\/strong><\/p>\n\n\n\n<p>Contattandoci, presti il tuo consenso al Trattamento dei Dati Personali con le modalit\u00e0 e per le finalit\u00e0 descritte nella presente informativa. Ai sensi dell\u2019art. 7 del GDPR, l\u2019interessato ha il diritto di revocare il proprio consenso in qualsiasi momento mediante semplice comunicazione scritta all\u2019indirizzo rpd@isprambiente.it. La revoca del consenso non pregiudica la liceit\u00e0 del Trattamento<\/p>\n\n\n\n<p>basata sul consenso prima della revoca. In caso di revoca del Consenso, i Dati dell\u2019interessato verranno cancellati.<\/p>\n\n\n\n<p><strong>Luogo di Trattamento<\/strong><\/p>\n\n\n\n<p>I dati raccolti attraverso il sito web sono trattati e conservati presso la sede del Titolare del Trattamento.<\/p>\n\n\n\n<p><strong>Finalit\u00e0 del trattamento<\/strong><\/p>\n\n\n\n<p>I dati sono trattati esclusivamente per le finalit\u00e0 per le quali sono raccolti, ovvero per fornire le informazioni e\/o inviare comunicazioni relative alle tematiche del sito, servizi e prodotti.<\/p>\n\n\n\n<p><strong>Diritti dell\u2019utente<\/strong><\/p>\n\n\n\n<p>Ai sensi del Regolamento europeo 679\/2016 (GDPR) e della normativa nazionale, l\u2019Utente pu\u00f2, secondo le modalit\u00e0 e nei limiti previsti dalla vigente normativa, esercitare i seguenti diritti:<\/p>\n\n\n\n<ul class=\"wp-block-list\">\n<li>richiedere la conferma dell\u2019esistenza di dati personali che lo riguardano (diritto di accesso);<\/li>\n\n\n\n<li>ottenere le indicazioni circa le finalit\u00e0 del trattamento, le categorie dei dati personali, i destinatari o le categorie di destinatari a cui i dati personali sono stati o saranno comunicati e, quando possibile, il periodo di conservazione;<\/li>\n\n\n\n<li>ottenere la rettifica e la cancellazione dei dati;<\/li>\n\n\n\n<li>ottenere la limitazione del trattamento;<\/li>\n\n\n\n<li>ottenere la portabilit\u00e0 dei dati, ossia riceverli da un titolare del trattamento, in un formato strutturato, di uso comune e leggibile da dispositivo automatico, e trasmetterli ad un altro titolare del trattamento senza impedimenti; opporsi al trattamento in qualsiasi momento ed anche nel caso di trattamento per finalit\u00e0 di marketing diretto;<\/li>\n\n\n\n<li>richiederne l\u2019aggiornamento, la rettifica, l\u2019integrazione, la cancellazione, la trasformazione in forma anonima, il blocco dei dati trattati in violazione di legge, ivi compresi quelli non pi\u00f9 necessari al perseguimento degli scopi per i quali sono stati raccolti; revocare il consenso in qualsiasi momento senza pregiudicare la liceit\u00e0 del trattamento basata sul consenso prestato prima della revoca;<\/li>\n\n\n\n<li>il diritto di presentare un reclamo all\u2019Autorit\u00e0 di controllo (Garante Privacy); nonch\u00e9, pi\u00f9 in generale, esercitare tutti i diritti che gli sono riconosciuti dalle vigenti disposizioni di legge.<\/li>\n<\/ul>\n","protected":false},"excerpt":{"rendered":"<p>In ottemperanza degli obblighi derivanti dalla normativa nazionale (D.<\/p>\n","protected":false},"author":1,"featured_media":0,"parent":0,"menu_order":0,"comment_status":"closed","ping_status":"open","template":"page-nosidebar.php","meta":{"_eb_attr":"","footnotes":""},"tags":[],"class_list":["post-3","page","type-page","status-publish","hentry"],"_links":{"self":[{"href":"https:\/\/www.copernicus-italia.it\/index.php?rest_route=\/wp\/v2\/pages\/3","targetHints":{"allow":["GET"]}}],"collection":[{"href":"https:\/\/www.copernicus-italia.it\/index.php?rest_route=\/wp\/v2\/pages"}],"about":[{"href":"https:\/\/www.copernicus-italia.it\/index.php?rest_route=\/wp\/v2\/types\/page"}],"author":[{"embeddable":true,"href":"https:\/\/www.copernicus-italia.it\/index.php?rest_route=\/wp\/v2\/users\/1"}],"replies":[{"embeddable":true,"href":"https:\/\/www.copernicus-italia.it\/index.php?rest_route=%2Fwp%2Fv2%2Fcomments&post=3"}],"version-history":[{"count":2,"href":"https:\/\/www.copernicus-italia.it\/index.php?rest_route=\/wp\/v2\/pages\/3\/revisions"}],"predecessor-version":[{"id":675,"href":"https:\/\/www.copernicus-italia.it\/index.php?rest_route=\/wp\/v2\/pages\/3\/revisions\/675"}],"wp:attachment":[{"href":"https:\/\/www.copernicus-italia.it\/index.php?rest_route=%2Fwp%2Fv2%2Fmedia&parent=3"}],"wp:term":[{"taxonomy":"post_tag","embeddable":true,"href":"https:\/\/www.copernicus-italia.it\/index.php?rest_route=%2Fwp%2Fv2%2Ftags&post=3"}],"curies":[{"name":"wp","href":"https:\/\/api.w.org\/{rel}","templated":true}]}}