{"id":355,"date":"2024-05-22T12:09:59","date_gmt":"2024-05-22T10:09:59","guid":{"rendered":"https:\/\/www.copernicus-italia.it\/?page_id=355"},"modified":"2025-02-24T14:45:07","modified_gmt":"2025-02-24T13:45:07","slug":"tavoli-tematici","status":"publish","type":"page","link":"https:\/\/www.copernicus-italia.it\/?page_id=355","title":{"rendered":"Tavoli tematici"},"content":{"rendered":"\n<br><br>\n\n\n\n<h2 class=\"wp-block-heading\">Tavoli tematici di consultazione del Forum Nazionale degli Utenti Copernicus<\/h2>\n\n\n\n<details class=\"wp-block-details is-layout-flow wp-block-details-is-layout-flow\"><summary>Tavolo Agricoltura<\/summary>\n<p>Il Ministero dell&#8217;agricoltura della sovranit\u00e0 alimentare e delle foreste (MASAF), con il supporto degli Enti vigilati, ovvero l&#8217;Agenzia per le erogazioni in agricoltura (AGEA), il Consiglio per la ricerca in agricoltura e l&#8217;analisi dell&#8217;economia agraria (CREA) e l\u2019Istituto di Servizi per il Mercato Agricolo Alimentare (ISMEA), ha partecipato alla ricognizione e messa a sistema dei fabbisogni informativi legati ai dati satellitari e dei relativi requisiti dei servizi per gli utenti nazionali. I fabbisogni e i requisiti espressi interessano il monitoraggio continuo e sistematico delle attivit\u00e0 agricole e forestali, monitoraggio e salvaguardia dell\u2019ambiente, delle risorse naturali e del paesaggio.&nbsp; L&#8217;intensa attivit\u00e0 \u00e8 stata svolta con il coordinamento e animazione del Forum Nazionale degli Utenti Copernicus, istituito presso la Presidenza del Consiglio dei Ministri.<\/p>\n<\/details>\n\n\n\n<details class=\"wp-block-details is-layout-flow wp-block-details-is-layout-flow\"><summary>Tavolo Beni culturali<\/summary>\n<p>Coordinato dal Ministero della Cultura (MIC), il tavolo raccoglie le istanze delle Sovrintendenze, dei Parchi Archeologici e dell\u2019Istituto Centrale per il Restauro (ISCR).&nbsp;<\/p>\n\n\n\n<p>Due le priorit\u00e0 identificate dal coordinamento: monitorare la stabilit\u00e0 dei monumenti archeologici ed architettonici (ove possibile) minacciate da pressioni naturali e antropiche attraverso l\u2019utilizzo di tecniche di interferometria satellitare; controllare il deterioramento superficiale e l\u2019annerimento degli edifici storici grazie al monitoraggio e all\u2019analisi delle concentrazioni e distribuzioni di inquinanti in atmosfera con l\u2019utilizzo di immagini satellitari ottiche (analisi multi e iperspettrali) e dati di campionamento in situ.&nbsp;<\/p>\n\n\n\n<p><strong>Coordinatore<\/strong>: Ministero della Cultura&nbsp;<\/p>\n<\/details>\n\n\n\n<details class=\"wp-block-details is-layout-flow wp-block-details-is-layout-flow\"><summary>Tavolo Fascia Costiera<\/summary>\n<p>Coordinato dall\u2019Istituto Superiore per la Protezione e la Ricerca Ambientale, il Tavolo \u00e8 costituito, oltre che dai partecipanti allo User Forum Nazionale Copernicus, dalla comunit\u00e0 degli utenti istituzionali e dai partecipanti alle diverse attivit\u00e0 collegate al Servizio di Monitoraggio Marino di Copernicus: centri di Produzione Copernicus, Copernicus Academy, Copernicus Relay.&nbsp;<\/p>\n\n\n\n<p>Obiettivo del Tavolo \u00e8 la definizione e il continuo aggiornamento nel tempo dei fabbisogni istituzionali per lo sviluppo di strumenti di monitoraggio della fascia costiera includendo sia la parte terrestre che quella marina.&nbsp;<\/p>\n\n\n\n<p>Il Tavolo si propone, inoltre, di evidenziare lo stato dell\u2019arte dei prodotti Copernicus e servizi down streaming derivati resi disponibili alle Comunit\u00e0, di stimolare la condivisione dei dati, di favorire l\u2019informazione relativamente ai nuovi prodotti di interesse per l\u2019ambito costiero.&nbsp;<\/p>\n\n\n\n<p><strong>Coordinatore<\/strong>: Istituto Superiore per la Protezione e la Ricerca Ambientale (ISPRA)&nbsp;<\/p>\n<\/details>\n\n\n\n<details class=\"wp-block-details is-layout-flow wp-block-details-is-layout-flow\"><summary>Tavolo Trasporti<\/summary>\n<p>Coordinato dal Ministero delle Infrastrutture e dei Trasporti, il Tavolo raccoglie le richieste e le necessit\u00e0 degli utenti che utilizzano i servizi Copernicus per una serie di azioni connesse al trasporto in Italia.&nbsp;<\/p>\n\n\n\n<p>Le informazioni fornite da Copernicus contribuiscono ad una vasta gamma di necessit\u00e0. Per fare solo alcuni esempi, si va dall\u2019analisi del rischio geologico alla valutazione del rischio ambientale in aree critiche per i trasporti terrestri; dal possibile utilizzo di dati satellitari (immagini sia radar che ottiche) per il monitoraggio dei fenomeni di&nbsp; dissesto idrogeologico e subsidenza all\u2019individuazione di casi di abusivismo lungo le principali vie di comunicazione stradale e ferroviaria. Gli utenti del Programma possono identificare eventuali interferenze (es. tralicci, alberi, ampliamenti urbani) alla navigazione aerea e sviluppare servizi operativi che vanno dal monitoraggio delle rotte navali sino alle possibili fuoriuscite di idrocarburi.&nbsp;<\/p>\n\n\n\n<p>Le istanze vengono presentate al tavolo dalle diverse Agenzie, Enti, corpi militari e societ\u00e0 controllate dal dicastero stesso (fra queste, l\u2019ENAC, ENAV, ANAS, Autostrade S.p.A, RFI e le Capitanerie di Porto \u2013 Guardia Costiera).&nbsp;<\/p>\n\n\n\n<p><strong>Coordinatore<\/strong>: Ministero delle Infrastrutture e dei Trasporti&nbsp;<\/p>\n<\/details>\n\n\n\n<details class=\"wp-block-details is-layout-flow wp-block-details-is-layout-flow\"><summary>Tavolo Copernicus SNPA<\/summary>\n<p>Nato nel 2016, coordinato dal Presidente dell\u2019Istituto Superiore per la protezione e la ricerca ambientale (ISPRA) e del Consiglio del Sistema nazionale per la protezione ambientale (SNPA), il Tavolo \u00e8 composto da rappresentanti di ISPRA e delle Agenzie ambientali delle regioni e delle province autonome (ARPA\/APPA), espressi dai relativi Direttori generali. Il Tavolo ha come obiettivo principale quello di raccogliere, elaborare e discutere necessit\u00e0 e requisiti SNPA, con l\u2019obiettivo di valorizzare le esperienze del Sistema sull\u2019utilizzo del dato e dell\u2019informazione satellitare a supporto delle attivit\u00e0 di monitoraggio e controllo ambientale, garantendo l\u2019attuazione dei livelli essenziali delle prestazioni tecniche ambientali (LEPTA).&nbsp;<\/p>\n\n\n\n<p><strong>Coordinatore<\/strong>: Presidente dell\u2019Istituto Superiore per la protezione e la ricerca ambientale (ISPRA) e del Consiglio del Sistema Nazionale protezione ambientale (SNPA)&nbsp;<\/p>\n<\/details>\n\n\n\n<details class=\"wp-block-details is-layout-flow wp-block-details-is-layout-flow\"><summary>Tavolo Sicurezza<\/summary>\n<p>Coordinato dallo Stato Maggiore della Difesa, il tavolo Sicurezza mira a garantire l\u2019accesso ai dati e ai servizi erogati direttamente dai Core Services Copernicus Sicurezza (Support to External Actions, Border &amp; Maritime Surveillance) al fine di risultare di supporto alle attivit\u00e0 ordinarie di sicurezza del Paese. Nell\u2019ambito del tavolo si raccolgono i requisiti degli utenti nazionali in ambito Sicurezza, finalizzati alla definizione delle linee di sviluppo nazionali in ambito osservazione della terra.&nbsp;<\/p>\n\n\n\n<p>Il coordinamento della tematica Sicurezza vede la partecipazione del Ministero della Difesa (Stato Maggiore Difesa, Esercito Italiano, Marina Militare, Aeronautica Militare, Comando interforze per le Operazioni delle Forze Speciali, Guardia Costiera) e del tavolo interforze del Ministero dell\u2019Interno (Pubblica Sicurezza (Anticrimine, Polizia Scientifica, Immigrazione e Polizia delle Frontiere, Polizia di Prevenzione), Polizia di Stato, Forze armate, Arma dei Carabinieri, Guardia di Finanza, Vigili del fuoco, Soccorso pubblico e Difesa civile).&nbsp;<\/p>\n\n\n\n<p><strong>Coordinatore<\/strong>: Ministero della Difesa&nbsp;<\/p>\n<\/details>\n\n\n\n<details class=\"wp-block-details is-layout-flow wp-block-details-is-layout-flow\"><summary>Tavolo Valorizzazione<\/summary>\n<p>Coordinato dall\u2019Istituto Superiore per la Protezione e la Ricerca Ambientale e dal coordinatore dello User Forum Nazionale, ha lo scopo di facilitare il confronto tra istituzioni, industria e ricerca, per massimizzare l\u2019efficienza di sviluppo dei servizi operativi e il loro impatto sul mercato, le coinvolgendo i diversi attori nei diversi settori del upstream, midstream e downstream; aumentare la consapevolezza all\u2019interno dell\u2019intero ecosistema e identificare le esigenze degli utenti (istituzionali e commerciali); analizzare il mercato della domanda e dell\u2019offerta dei servizi geospaziali e del settore upstream; incentivare una espansione nazionale ed internazionale del mercato dei servizi.&nbsp;<\/p>\n\n\n\n<p>Del tavolo fanno parte le imprese dell\u2019aerospazio e dei servizi geospaziali, ICT, il mondo finanziario, assicurativo, i gestori delle reti e degli impianti di pubblica utilit\u00e0, le multiutility, le associazioni di vario tipo. Inoltre il tavolo comprende le Istituzioni pubbliche ed il mondo della ricerca. L\u2019ecosistema \u00e8 in continua espansione con la mappatura di ciascuna competenza.&nbsp;<\/p>\n\n\n\n<p>Nell\u2019ambito del tavolo della Valorizzazione sono stati istituiti 4 implementation group tematici, in linea con l\u2019orientamento di sviluppo europeo: Fascia Costiera; Beni culturali; Green Deal, Energy Efficiency &amp; Agrometereologia; Insight Situational Awareness.&nbsp;<\/p>\n\n\n\n<p><strong>Coordinatore<\/strong>: Istituto Superiore per la Protezione e la Ricerca Ambientale (ISPRA)&nbsp;<\/p>\n\n\n\n<p><\/p>\n<\/details>\n\n\n\n<details class=\"wp-block-details is-layout-flow wp-block-details-is-layout-flow\"><summary>Tavolo Emergenze<\/summary>\n<p>Coordinato dal Dipartimento di Protezione Civile \u00e8 nato per rappresentare la comunit\u00e0 di utenti che sono istituzionalmente coinvolti nella gestione delle emergenze.<\/p>\n\n\n\n<p>Il Tavolo riceve dal Forum le informazioni relative agli orientamenti e agli sviluppi europei nell\u2019ambito del programma Copernicus, e, a sua volta, contribuisce a fornire al Forum informazioni in merito alle proprie necessit\u00e0 informative e ai requisiti tecnici ed operativi dei prodotti e dei servizi di Osservazione della Terra (OT) necessari per l\u2019espletamento dei compiti istituzionali di competenza. In particolare, il Tavolo ha fornito requisiti di prodotto, di servizio e operativi per il monitoraggio e la mappatura dei seguenti eventi: terremoti, alluvioni, eruzioni vulcaniche, incendi, eventi meteo estremi, frane e tsunami.<\/p>\n\n\n\n<p><\/p>\n\n\n\n<p><\/p>\n\n\n\n<p><\/p>\n\n\n\n<p><\/p>\n<\/details>\n\n\n\n<br><br>\n\n\n\n<h2 class=\"wp-block-heading\">Tavoli Nazionali che contribuiscono alla consultazione degli utenti<\/h2>\n\n\n\n<details class=\"wp-block-details is-layout-flow wp-block-details-is-layout-flow\"><summary>Tavolo Geologia operativa<\/summary>\n<p>Coordinato dall\u2019Istituto superiore per la protezione e la ricerca ambientale (ISPRA), attraverso il Dipartimento per il Servizio Geologico d\u2019Italia, il Tavolo \u00e8 costituito dai Servizi Geologici Regionali\/Provinciali ovvero dalle strutture tecniche afferenti a Regioni, Province Autonome e ARPA, che a livello regionale\/provinciale hanno competenze in campo geologico. Il Tavolo \u00e8 uno degli 11 Tavoli Tematici&nbsp; istituiti nell\u2019ambito della Rete Italiana dei Servizi Geologici (RISG).&nbsp;<\/p>\n\n\n\n<p>Obiettivo del Tavolo \u00e8 la realizzazione di servizi di geologia operativa a livello nazionale basati sui dati del programma Copernicus. Il Tavolo si \u00e8 dedicato principalmente alla definizione del fabbisogno degli utenti di un servizio di monitoraggio dei movimenti del terreno satellite basato su dati di interferometria satellitare (ground motion, previsto nel Piano Nazionale della Space Economy). Il Tavolo rappresenta l\u2019utenza italiana presso l\u2019Advisory Board di un servizio di ground motion europeo, in corso di realizzazione sotto il coordinamento dell\u2019Agenzia Europea dell\u2019Ambiente.&nbsp;<\/p>\n\n\n\n<p>In linea generale il Tavolo intende far concorrere in modo coordinato tutte le competenze e le capacit\u00e0 di cui oggi lo Stato e le Regioni dispongono nel campo della geologia, ereditando il compito del \u201cComitato di coordinamento geologico tra lo Stato, le regioni e le province autonome\u201d (istituito con DL n. 279 del 12.10.2000 convertito con modificazioni dalla legge n. 365\/00).&nbsp;<\/p>\n\n\n\n<p><strong>Coordinatore<\/strong>: Istituto Superiore per la Protezione e la Ricerca Ambientale (ISPRA)&nbsp;<\/p>\n<\/details>\n\n\n\n<details class=\"wp-block-details is-layout-flow wp-block-details-is-layout-flow\"><summary>Tavolo per i Servizi di Idrologia Operativa<\/summary>\n<p>Coordinato dall\u2019Istituto superiore per la protezione e la ricerca ambientale (ISPRA), il Tavolo per i Servizi di Idrologia Operativa \u00e8 costituito dagli Uffici e Centri regionali e delle province autonome che hanno ereditato le competenze degli ex Uffici Idrografici e sono erogatori di servizi pubblici di responsabilit\u00e0 di cui al DPCM 24 luglio 2002. Sono parte del tavolo anche il Dipartimento della Protezione Civile e l\u2019Aeronautica Militare, che, insieme all\u2019ISPRA, hanno competenze per l\u2019idrologia a livello nazionale (e in tale veste rappresentano l\u2019Italia presso la CHy-Commission for Hydrology del WMO-World Meteorological Organization).&nbsp;<\/p>\n\n\n\n<p>Obiettivo del Tavolo \u00e8 la progressiva costruzione di un sistema nazionale federato che svolga le attivit\u00e0 proprie di un servizio idrologico, assicurando un livello nazionale omogeneo di qualit\u00e0 e funzionalit\u00e0, coerente e ottemperante alle risoluzioni del WMO. Il monitoraggio idrologico e idrometrico, la valutazione del ciclo idrologico e del rischio di alluvioni e di siccit\u00e0 e scarsit\u00e0 idrica, il monitoraggio e la gestione della risorsa idrica e gli impatti del cambiamento climatico e delle pressioni antropiche sulla matrice \u201cacqua\u201d sono alcuni dei temi su cui lavora il Tavolo. Le attivit\u00e0 del Tavolo Idrologia sono anche svolte in collaborazione con i Ministeri (in primis il MASE-Ministero dell\u2019Ambiente e della Sostenibilit\u00e0 Energetica) e le pubbliche amministrazioni nazionali e locali (ad es., Istat, le Autorit\u00e0 di Bacino Distrettuale), al fine di rafforzare il quadro di conoscenza sul tema dell\u2019idrologia e del ciclo idrologico, come ad esempio nella valutazione del bilancio idrologico e idrico.&nbsp;<\/p>\n\n\n\n<p>Le attivit\u00e0 svolte dal Tavolo e i prodotti di livello nazionale sviluppati in tale contesto sono inoltre utili per rispondere in maniera omogenea e coordinata alle richieste di informazioni e indicatori che pervengono dal livello europeo (e.g., dalla Commissione Europea, dall\u2019Agenzia Europea dell\u2019Ambiente, dall\u2019Eurostat) e\/o dal livello internazionale (ad es., WMO, United Nations Water, FAO-Food and Agriculture Organization).&nbsp;<\/p>\n\n\n\n<p>Nell\u2019ambito del UFN Copernicus, \u00e8 stato coinvolto nella consultazione della comunit\u00e0 istituzionale e di quella privata degli utenti, individuando i fabbisogni sul tema \u201cidro-meteo-clima\u201d, \u201crisorsa idrica\u201d e \u201calluvioni\u201d e le necessit\u00e0 in termini di servizi a valore aggiunto per il Programma nazionale di Space Economy. Tali fabbisogni e necessit\u00e0 sono alla base dei servizi del Mirror Copernicus e dei Piano Nazionale di Ripresa e Resilienza relativi alla realizzazione del Sistema di Monitoraggio Integrato in capo al MASE e del sistema IRIDE rivolto all\u2019Osservazione della Terra e allo sviluppo di segmenti di upstream e di downstream e di servizi basati sul dato satellitare.&nbsp;<\/p>\n\n\n\n<p><strong>Coordinatore<\/strong>: Istituto Superiore per la Protezione e la Ricerca Ambientale (ISPRA)&nbsp;<\/p>\n\n\n\n<p>Le attivit\u00e0 del Tavolo Nazionale per i Servizi di Idrologia Operativa: idroper@isprambiente.it&nbsp;<\/p>\n<\/details>\n\n\n\n<details class=\"wp-block-details is-layout-flow wp-block-details-is-layout-flow\"><summary>Tavolo Climatologia Operativa<\/summary>\n<p><strong>Gruppo di lavoro CO2&nbsp;<\/strong><\/p>\n\n\n\n<p>Il GdL CO2 \u00e8 impegnato nella definizione del servizio di monitoraggio di composti climalteranti in atmosfera in NRT e delle successive elaborazioni a supporto delle attivit\u00e0 nazionali di reporting delle emissioni di gas serra ed altri inquinanti, svolte annualmente da ISPRA nell\u2019ambito dell\u2019UNFCCC\/Accordo di Parigi\/EU. In questo ambito \u00e8 prevista la messa a punto di un Rete Osservativa Nazionale per il Monitoraggio dei Composti Climalteranti, formata da 17 stazioni \u201cpre-operative\u201d attualmente attive in programmi internazionali. Le attivit\u00e0 del servizio S5-Idrometeoclima, connesse alla stima di emissioni ed assorbimenti dal settore agricolo-forestale, trovano sinergia nel servizio S4 Uso del suolo \u2013 che pu\u00f2 fornire utili dati di attivit\u00e0 riguardanti il monitoraggio di uso e variazioni di uso del suolo. Allo stesso tempo gli output delle attivit\u00e0 di reporting delle emissioni effettuate da ISPRA costituiscono la base dati iniziale dell\u2019attivit\u00e0 di modellistica degli inquinanti incardinata nel servizio S2 Qualit\u00e0 dell\u2019aria \u2013 a cui S5 \u00e8 sinergico anche per i dati in NRT utili per l\u2019identificazione ed il monitoraggio di specifici critici episodi di trasporto di masse d\u2019aria inquinate (es. incendi forestali, trasporti di sabbia sahariana, intrusioni stratosferiche, \u2026)&nbsp; a scala regionale o continentale.&nbsp;<\/p>\n\n\n\n<p><strong>Gruppo di lavoro Qualit\u00e0 dell\u2019Aria&nbsp;<\/strong><\/p>\n\n\n\n<p>Il Tavolo Climatologia operativa \u2013 sottotavolo Qualit\u00e0 dell\u2019Aria costituito nell\u2019ambito dell\u2019User Forum Nazionale Copernicus, vede tra i partecipanti SNPA, CNR, ENEA ed altri enti coinvolti in attivit\u00e0 collegate al Servizio di monitoraggio qualit\u00e0 dell\u2019aria attraverso dati e prodotti Copernicus: centri di Produzione Copernicus, Copernicus Academy, Copernicus Relay.&nbsp;<\/p>\n\n\n\n<p>Obiettivi del tavolo:&nbsp;<\/p>\n\n\n\n<ul class=\"wp-block-list\">\n<li>definizione e aggiornamento dei fabbisogni istituzionali per lo sviluppo di strumenti di monitoraggio, di analisi e previsione modellistica della qualit\u00e0 dell\u2019aria;&nbsp;<\/li>\n\n\n\n<li>favorire l\u2019informazione sui prodotti Copernicus e sul loro utilizzo come servizi downstreaming;&nbsp;<\/li>\n\n\n\n<li>coordinare le attivit\u00e0 della modellistica operativa di qualit\u00e0 dell\u2019aria.&nbsp;<\/li>\n<\/ul>\n\n\n\n<p>Per favorire il conseguimento di tali obiettivi il Tavolo \u00e8 attualmente coinvolto nel National Collaboration Programme sottoscritto da ISPRA con il Centro Europeo per le previsioni meteorologiche a medio termine (di seguito ECMWF) l\u2019AGREEMENT FOR COPERNICUS SERVICES \u2013 AGREEMENT CAMS2_72IT FOR THE PROVISION OF CAMS National Collaboration Programme \u2013 Italy, per il supporto da parte di ECMWF, Entrusted Entities di Copernicus al servizio di monitoraggio dell\u2019atmosfera, in materia di informazione, formazione, e sviluppo di prodotti di monitoraggio basati sulle necessit\u00e0 degli utenti nazionali.&nbsp;<\/p>\n<\/details>\n\n\n\n<p><\/p>\n","protected":false},"excerpt":{"rendered":"<p>Tavoli tematici di consultazione del Forum Nazionale degli Utenti Copernicus Tavoli Nazionali che contribuiscono alla consultazione degli utenti<\/p>\n","protected":false},"author":1,"featured_media":594,"parent":352,"menu_order":0,"comment_status":"closed","ping_status":"closed","template":"page-nosidebar.php","meta":{"_eb_attr":"","footnotes":""},"tags":[],"class_list":["post-355","page","type-page","status-publish","has-post-thumbnail","hentry"],"_links":{"self":[{"href":"https:\/\/www.copernicus-italia.it\/index.php?rest_route=\/wp\/v2\/pages\/355","targetHints":{"allow":["GET"]}}],"collection":[{"href":"https:\/\/www.copernicus-italia.it\/index.php?rest_route=\/wp\/v2\/pages"}],"about":[{"href":"https:\/\/www.copernicus-italia.it\/index.php?rest_route=\/wp\/v2\/types\/page"}],"author":[{"embeddable":true,"href":"https:\/\/www.copernicus-italia.it\/index.php?rest_route=\/wp\/v2\/users\/1"}],"replies":[{"embeddable":true,"href":"https:\/\/www.copernicus-italia.it\/index.php?rest_route=%2Fwp%2Fv2%2Fcomments&post=355"}],"version-history":[{"count":33,"href":"https:\/\/www.copernicus-italia.it\/index.php?rest_route=\/wp\/v2\/pages\/355\/revisions"}],"predecessor-version":[{"id":1141,"href":"https:\/\/www.copernicus-italia.it\/index.php?rest_route=\/wp\/v2\/pages\/355\/revisions\/1141"}],"up":[{"embeddable":true,"href":"https:\/\/www.copernicus-italia.it\/index.php?rest_route=\/wp\/v2\/pages\/352"}],"wp:featuredmedia":[{"embeddable":true,"href":"https:\/\/www.copernicus-italia.it\/index.php?rest_route=\/wp\/v2\/media\/594"}],"wp:attachment":[{"href":"https:\/\/www.copernicus-italia.it\/index.php?rest_route=%2Fwp%2Fv2%2Fmedia&parent=355"}],"wp:term":[{"taxonomy":"post_tag","embeddable":true,"href":"https:\/\/www.copernicus-italia.it\/index.php?rest_route=%2Fwp%2Fv2%2Ftags&post=355"}],"curies":[{"name":"wp","href":"https:\/\/api.w.org\/{rel}","templated":true}]}}