{"id":359,"date":"2024-05-22T12:12:01","date_gmt":"2024-05-22T10:12:01","guid":{"rendered":"https:\/\/www.copernicus-italia.it\/?page_id=359"},"modified":"2024-05-30T14:56:58","modified_gmt":"2024-05-30T12:56:58","slug":"iniziativa-destination-earth","status":"publish","type":"page","link":"https:\/\/www.copernicus-italia.it\/?page_id=359","title":{"rendered":"Iniziativa Destination Earth\u00a0"},"content":{"rendered":"\n<p><strong>Destination Earth (DestinE)<\/strong> \u00e8 un\u2019iniziativa dell\u2019UE che punta a realizzare un modello digitale della Terra ad altissima precisione in grado di monitorare e predire le interazioni tra i fenomeni naturali e le attivit\u00e0 umane.&nbsp;<\/p>\n\n\n\n<p>DestinE contribuir\u00e0 agli obiettivi del <a href=\"https:\/\/ec.europa.eu\/info\/strategy\/priorities-2019-2024\/european-green-deal_it\" target=\"_blank\" rel=\"noreferrer noopener\"><strong>Green Deal europeo<\/strong><\/a>, ad accelerare la transizione verde dell\u2019UE e rappresenta una importante realizzazione della <a href=\"https:\/\/eur-lex.europa.eu\/legal-content\/IT\/TXT\/PDF\/?uri=CELEX:52020DC0067&amp;qid=1624718666618&amp;from=IT\" target=\"_blank\" rel=\"noreferrer noopener\"><strong>Strategia digitale europea<\/strong><\/a>, di cui coniuga elementi chiave come dati digitali, Intelligenza Artificiale e calcolo ad alte prestazioni.&nbsp;<\/p>\n\n\n\n<p>Saranno l\u2019ESA (<a href=\"https:\/\/www.esa.int\/\" target=\"_blank\" rel=\"noreferrer noopener\"><strong>European Space Agency<\/strong><\/a>) , il ECMWF (<a href=\"https:\/\/www.ecmwf.int\/\" target=\"_blank\" rel=\"noreferrer noopener\"><strong>European Centre for Medium-Range Weather Forecasts<\/strong><\/a>) e l\u2019EUMETSAT (<a href=\"https:\/\/www.eumetsat.int\/website\/home\/index.html\" target=\"_blank\" rel=\"noreferrer noopener\"><strong>European Organisation for the Exploitation of Meteorological Satellites<\/strong><\/a>) a sviluppare l\u2019iniziativa per i prossimi 7-10 anni. La prima fase terminer\u00e0 a met\u00e0 del 2024 e prevede la creazione delle componenti del sistema. Le fasi successive porteranno al potenziamento del sistema e alla creazione di nuovi digital twins (entro il 2027), fino alla creazione un \u201cgemello digitale\u201d completo dell\u2019intero sistema terrestre entro il 2030.\u00a0<\/p>\n\n\n\n<p>Le componenti di DestinE sono:&nbsp;<\/p>\n\n\n\n<ul class=\"wp-block-list\">\n<li>La <strong>Core Service Platform<\/strong> (<strong>responsabilit\u00e0 ESA<\/strong>): punto di accesso user-friendly per gli utenti. La piattaforma metter\u00e0 a disposizione strumenti decisionali, applicazioni e servizi. Coordiner\u00e0 inoltre le infrastrutture di dati, cloud e HPC e fornir\u00e0 l\u2019accesso ai Digital Twins che saranno sviluppati.\u00a0<\/li>\n\n\n\n<li>Il <strong>Data Lake<\/strong> (<strong>responsabilit\u00e0 EUMETSAT<\/strong>): contenitore di dati che riunisce quelli originati da programma Copernicus, le banche dati dei tre enti che svilupperanno DestinE e quelli provenienti anche da altre fonti, come l\u2019Internet of Things (IoT) e dati socio-economici. Ospiter\u00e0 anche i nuovi dati provenienti dai prodotti dal DestinE in uno spazio dedicato. Fornir\u00e0 l\u2019accesso ai dati necessari per le operazioni dei Digital Twins e della Core Service Platform e ospiter\u00e0 i dati degli utenti, condivisi con la comunit\u00e0 degli utenti DestinE.\u00a0<\/li>\n\n\n\n<li>I <strong>Digital Twins<\/strong> (<strong>responsabilit\u00e0 ECMWF<\/strong>): repliche digitali dei sistemi altamente complessi della Terra, si basano su una fusione continua di osservazioni in tempo reale e modelli predittivi ad alta risoluzione in diverse aree tematiche, iniziando dagli \u201ceventi estremi\u201d e dai \u201ccambiamenti climatici\u201d. L\u2019obiettivo a lungo termine \u00e8 integrare altri gemelli digitali, ad esempio sugli oceani o sulla biodiversit\u00e0, per la creazione di un gemello digitale completo della Terra.\u00a0<\/li>\n<\/ul>\n","protected":false},"excerpt":{"rendered":"<p>Destination Earth (DestinE) \u00e8 un\u2019iniziativa dell\u2019UE che punta a realizzare un modello digitale della Terra ad altissima precisione in grado di monitorare e predire le interazioni tra i fenomeni naturali e le attivit\u00e0 umane.<\/p>\n","protected":false},"author":1,"featured_media":739,"parent":0,"menu_order":0,"comment_status":"closed","ping_status":"closed","template":"page-nosidebar.php","meta":{"_eb_attr":"","footnotes":""},"tags":[],"class_list":["post-359","page","type-page","status-publish","has-post-thumbnail","hentry"],"_links":{"self":[{"href":"https:\/\/www.copernicus-italia.it\/index.php?rest_route=\/wp\/v2\/pages\/359","targetHints":{"allow":["GET"]}}],"collection":[{"href":"https:\/\/www.copernicus-italia.it\/index.php?rest_route=\/wp\/v2\/pages"}],"about":[{"href":"https:\/\/www.copernicus-italia.it\/index.php?rest_route=\/wp\/v2\/types\/page"}],"author":[{"embeddable":true,"href":"https:\/\/www.copernicus-italia.it\/index.php?rest_route=\/wp\/v2\/users\/1"}],"replies":[{"embeddable":true,"href":"https:\/\/www.copernicus-italia.it\/index.php?rest_route=%2Fwp%2Fv2%2Fcomments&post=359"}],"version-history":[{"count":2,"href":"https:\/\/www.copernicus-italia.it\/index.php?rest_route=\/wp\/v2\/pages\/359\/revisions"}],"predecessor-version":[{"id":570,"href":"https:\/\/www.copernicus-italia.it\/index.php?rest_route=\/wp\/v2\/pages\/359\/revisions\/570"}],"wp:featuredmedia":[{"embeddable":true,"href":"https:\/\/www.copernicus-italia.it\/index.php?rest_route=\/wp\/v2\/media\/739"}],"wp:attachment":[{"href":"https:\/\/www.copernicus-italia.it\/index.php?rest_route=%2Fwp%2Fv2%2Fmedia&parent=359"}],"wp:term":[{"taxonomy":"post_tag","embeddable":true,"href":"https:\/\/www.copernicus-italia.it\/index.php?rest_route=%2Fwp%2Fv2%2Ftags&post=359"}],"curies":[{"name":"wp","href":"https:\/\/api.w.org\/{rel}","templated":true}]}}