{"id":367,"date":"2024-05-22T12:16:36","date_gmt":"2024-05-22T10:16:36","guid":{"rendered":"https:\/\/www.copernicus-italia.it\/?page_id=367"},"modified":"2024-06-28T11:34:47","modified_gmt":"2024-06-28T09:34:47","slug":"s1-fascia-costiera-e-monitoraggio-marino-costiero","status":"publish","type":"page","link":"https:\/\/www.copernicus-italia.it\/?page_id=367","title":{"rendered":"S1 \u2013 Fascia costiera e monitoraggio marino-costiero\u00a0"},"content":{"rendered":"\n<p class=\"has-text-align-left has-x-large-font-size\"><strong>S1 \u2013 Fascia costiera e monitoraggio marino-costiero\u00a0<\/strong><\/p>\n\n\n\n<p>La zona costiera \u00e8 la frontiera tra l\u2019ambiente marino e quello terrestre. L\u2019interazione tra questi due ambienti produce molte trasformazioni a breve termine che rendono l\u2019ambiente della zona costiera estremamente dinamico ed in continua trasformazione.<\/p>\n\n\n\n<p>La fascia costiera \u00e8 anche al centro di molti interessi antropici, che per essere ottimizzati si basano su pianificazioni di lungo periodo che necessitano di situazioni quanto pi\u00f9 statiche.<\/p>\n\n\n\n<p>Di conseguenza, le zone costiere sono continuamente soggette ad interventi antropici per stabilizzare forzanti ambientali contrastanti. Inoltre, nelle aree costiere si concentrano molti interessi tra loro contrastanti (es: interessi industriali e turistici) e solo un flusso dettagliato di dati e informazioni pu\u00f2 fornire le conoscenze necessarie per gestirle in modo sostenibile.<\/p>\n\n\n\n<p>In effetti, la Blue Economy \u00e8 un aspetto chiave della crescita economica italiana e della transizione ecologica, contribuendo fortemente all\u2019Agenda del Green Deal europeo.<\/p>\n\n\n\n<p>Pertanto, \u00e8 importante garantire che lo sfruttamento delle risorse naturali nelle zone costiere sia sostenibile e non si trasformi in uno sfruttamento eccessivo, erodendo la risorsa su cui \u00e8 costruita la crescita economica.<\/p>\n\n\n\n<p>La chiave del successo \u00e8 la disponibilit\u00e0 di conoscenze precise su come si comporter\u00e0 l\u2019ambiente e sui nessi di causa ed effetto tra le diverse attivit\u00e0 antropiche e l\u2019ambiente, anche in una proiezione di cambiamento climatico. Tuttavia, tale conoscenza pu\u00f2 essere derivata solo da dati e informazioni attendibili e completi sull\u2019ambiente costiero. Pertanto, molti attori pubblici e privati sono al lavoro per fornire servizi costieri a vari livelli e concentrarsi sulle esigenze nazionali o locali.<\/p>\n\n\n\n<p>In tal senso, il servizio S1 per il monitoraggio della fascia costiera e dell\u2019area marino-costiera offre un serie di strumenti per fornire i dati e le informazioni necessarie a monitorare e caratterizzare l\u2019area di interesse sia rispetto alle caratteristiche mostrate negli anni che per la previsione della loro evoluzione futura. In particolare, rispetto ai prodotti Copernicus, i prodotti del Servizio S1 sono specificatamente pensati per catturare fenomeni tipici della fascia costiera che non sono identificabili con strumenti pensati per scale spaziali pi\u00f9 estese. La strategia di sviluppo di tale servizio \u00e8 fortemente sinergica con i servizi core e i prodotti offerti da Copernicus, seguendone ed accompagnandone lo sviluppo in un\u2019ottica di integrazione sinergica per colmare il gap conoscitivo richiesto dagli utenti nazionali in fascia costiera.<\/p>\n\n\n\n<p>Esempi di prodotti presenti nel servizio S1 sono la caratterizzazione dell\u2019idrodinamica costiera includendo i fenomeni tipici dell\u2019interazione delle masse d\u2019acqua (ed in particolare del moto ondoso) con il fondale, quali shoaling, rifrazione, diffrazione e frangimento che generano le correnti dominanti in fascia costiera, la mappatura della batimetria sotto costa e dell\u2019elevazione della costa emersa che insieme alla caratterizzazione della linea di costa, delle strutture e degli habitat presenti e dell\u2019uso del suolo, permettono una corretta pianificazione dell\u2019uso del territorio e di prevenzione dei rischi da allagamento costiero o erosione.<\/p>\n\n\n\n<br><br>\n\n\n\n<p class=\"has-text-align-right has-colore-complementare-color has-text-color has-link-color has-small-font-size wp-elements-26ccca01a762ee3bab11bdc0dd45f0ab\"><em>immagine dell&#8217;header: European Union, Copernicus Sentinel- Gulf Of Naples<\/em><\/p>\n","protected":false},"excerpt":{"rendered":"<p>S1 \u2013 Fascia costiera e monitoraggio marino-costiero\u00a0 La zona costiera \u00e8 la frontiera tra l\u2019ambiente marino e quello terrestre.<\/p>\n","protected":false},"author":1,"featured_media":643,"parent":365,"menu_order":0,"comment_status":"closed","ping_status":"closed","template":"page-nosidebar.php","meta":{"_eb_attr":"","footnotes":""},"tags":[],"class_list":["post-367","page","type-page","status-publish","has-post-thumbnail","hentry"],"_links":{"self":[{"href":"https:\/\/www.copernicus-italia.it\/index.php?rest_route=\/wp\/v2\/pages\/367","targetHints":{"allow":["GET"]}}],"collection":[{"href":"https:\/\/www.copernicus-italia.it\/index.php?rest_route=\/wp\/v2\/pages"}],"about":[{"href":"https:\/\/www.copernicus-italia.it\/index.php?rest_route=\/wp\/v2\/types\/page"}],"author":[{"embeddable":true,"href":"https:\/\/www.copernicus-italia.it\/index.php?rest_route=\/wp\/v2\/users\/1"}],"replies":[{"embeddable":true,"href":"https:\/\/www.copernicus-italia.it\/index.php?rest_route=%2Fwp%2Fv2%2Fcomments&post=367"}],"version-history":[{"count":3,"href":"https:\/\/www.copernicus-italia.it\/index.php?rest_route=\/wp\/v2\/pages\/367\/revisions"}],"predecessor-version":[{"id":806,"href":"https:\/\/www.copernicus-italia.it\/index.php?rest_route=\/wp\/v2\/pages\/367\/revisions\/806"}],"up":[{"embeddable":true,"href":"https:\/\/www.copernicus-italia.it\/index.php?rest_route=\/wp\/v2\/pages\/365"}],"wp:featuredmedia":[{"embeddable":true,"href":"https:\/\/www.copernicus-italia.it\/index.php?rest_route=\/wp\/v2\/media\/643"}],"wp:attachment":[{"href":"https:\/\/www.copernicus-italia.it\/index.php?rest_route=%2Fwp%2Fv2%2Fmedia&parent=367"}],"wp:term":[{"taxonomy":"post_tag","embeddable":true,"href":"https:\/\/www.copernicus-italia.it\/index.php?rest_route=%2Fwp%2Fv2%2Ftags&post=367"}],"curies":[{"name":"wp","href":"https:\/\/api.w.org\/{rel}","templated":true}]}}