{"id":373,"date":"2024-05-22T12:20:29","date_gmt":"2024-05-22T10:20:29","guid":{"rendered":"https:\/\/www.copernicus-italia.it\/?page_id=373"},"modified":"2024-05-31T10:00:52","modified_gmt":"2024-05-31T08:00:52","slug":"s4-servizio-copertura-ed-uso-del-suolo","status":"publish","type":"page","link":"https:\/\/www.copernicus-italia.it\/?page_id=373","title":{"rendered":"S4 \u2013 Servizio copertura ed uso del suolo"},"content":{"rendered":"\n<h2 class=\"wp-block-heading\">Servizio copertura ed uso del suolo, monitoraggio biodiversit\u00e0, attivit\u00e0 produttive e sostenibilit\u00e0<\/h2>\n\n\n\n<p>Per copertura del suolo (Land Cover) si intende la copertura biofisica della superficie terrestre, comprese le superfici artificiali, le zone agricole, i boschi e le foreste, le aree seminaturali, le zone umide, i corpi idrici, come definita dalla direttiva 2007\/2\/CE. L\u2019impermeabilizzazione del suolo, ovvero la copertura permanente di parte del terreno e del relativo suolo con materiali artificiali (quali asfalto o calcestruzzo) per la costruzione, ad esempio, di edifici e strade, costituisce la forma pi\u00f9 evidente e pi\u00f9 diffusa di copertura artificiale. Altre forme di copertura artificiale del suolo vanno dalla perdita totale della \u201crisorsa suolo\u201d attraverso la rimozione per escavazione (comprese le attivit\u00e0 estrattive a cielo aperto), alla perdita parziale, pi\u00f9 o meno rimediabile, della funzionalit\u00e0 della risorsa a causa di fenomeni quali la compattazione (es. aree non asfaltate adibite a parcheggio).<\/p>\n\n\n\n<p>L\u2019uso del suolo (Land Use) \u00e8 un concetto diverso dalla copertura del suolo, rappresenta un riflesso delle interazioni tra l\u2019uomo e il suolo e costituisce quindi una descrizione di come esso venga impiegato in attivit\u00e0 antropiche. La direttiva 2007\/2\/CE definisce l\u2019uso del suolo come una classificazione del territorio in base alla dimensione funzionale o alla destinazione socioeconomica presenti e programmate per il futuro (ad esempio: residenziale, industriale, commerciale, agricolo, silvicolo, ricreativo). Nell\u2019uso del suolo si deve distinguere il livello \u201cde iure\u201d (ad esempio la destinazione d\u2019uso prevista da un piano urbanistico), da quello \u201cde facto\u201d (lo stato effettivo dell\u2019uso del suolo al momento della rilevazione).<\/p>\n\n\n\n<p>Il servizio dovr\u00e0 assicurare un miglioramento dei servizi Copernicus Land (High Resolution Layers, CORINE Land Cover e CLC+, Urban Atlas, Riparian Zones, etc.), anche a supporto di ISPRA e del suo ruolo di National Reference Centre per i temi del Land Cover e del Land Use, e dei servizi nazionali ISPRA-SNPA (carta nazionale di copertura del suolo) in termini di risoluzione geometrica, temporale e tematica al fine di migliorare l\u2019efficienza e l\u2019efficacia dei compiti istituzionali di ISPRA e del SNPA e delle loro attivit\u00e0 di monitoraggio del territorio.<\/p>\n\n\n\n<p>La mappatura di copertura ed uso del suolo a risoluzione elevata sar\u00e0 alla base di una serie di prodotti e servizi cartografici completi e omogenei a livello nazionale utili a identificare e misurare nel tempo i fenomeni e le dinamiche in atto legati alle variazioni di uso e di copertura del suolo, fornendo supporto ad attivit\u00e0 amministrative e di controllo di altre amministrazioni quali ad esempio quelle relative al rilievo di abusi edilizi e di attivit\u00e0 di edilizia spontanea.<\/p>\n\n\n\n<p>In particolare, dovr\u00e0 essere prodotta cartografia tematica di copertura del suolo, integrata con attributi\/funzioni di uso del suolo e con altre caratteristiche definite secondo la matrice EAGLE , da cui saranno estratti i livelli informativi necessari al monitoraggio dell\u2019uso e della copertura del suolo. La risoluzione tematica dovr\u00e0 essere conforme al sistema di classificazione descritto nella matrice EAGLE, e potr\u00e0 quindi avere anche ulteriori utilizzi in altri ambiti di monitoraggio. La cartografia dovr\u00e0 anche permettere di migliorare e derivare i prodotti previsti dalle \u201cTechnical specifications for implementation of a new land \u2013 monitoring concept based on EAGLE\u201d e successive modifiche proposte dall\u2019Agenzia Europea per l\u2019Ambiente nell\u2019ambito delle attivit\u00e0 della componente paneuropea dei servizi di Land Monitoring di Copernicus e garantendo il contributo nazionale alla rete EIONET a cura dei National Reference Centre.<\/p>\n\n\n\n<p>Il servizio include vari sottoinsiemi (building blocks) relativi alle tematiche: copertura e uso del suolo; ecosistemi e monitoraggio dei servizi connessi; valutazione dei disturbi e perturbazioni della copertura\/uso del suolo dovuti a cause antropiche o naturali; agricoltura; foreste.<\/p>\n\n\n\n<p><strong>Esempi applicativi<\/strong> di questo servizio sono:<\/p>\n\n\n\n<div class=\"wp-block-columns is-layout-flex wp-container-core-columns-is-layout-9d6595d7 wp-block-columns-is-layout-flex\">\n<div class=\"wp-block-column is-layout-flow wp-block-column-is-layout-flow\" style=\"flex-basis:33%\"><div class=\"wp-block-image\">\n<figure data-wp-context=\"{&quot;imageId&quot;:&quot;69fdd6554ea49&quot;}\" data-wp-interactive=\"core\/image\" data-wp-key=\"69fdd6554ea49\" class=\"aligncenter size-full wp-lightbox-container\">\n        <section class=\"mt-4 mb-3 image-content italiawp2-img alignnone\">\n            <figure class=\"m-0 p-3 u-background-grey-60\">\n                <img src=\"https:\/\/www.copernicus-italia.it\/wp-content\/uploads\/2024\/05\/S4-Copertura-del-suolo.jpg\" class=\"u-sizeFull\" alt=\"\">\n                <figcaption>\n                    <p>S4-Copertura-del-suolo<\/p>\n                <\/figcaption>\n            <\/figure><\/section><button\n\t\t\tclass=\"lightbox-trigger\"\n\t\t\ttype=\"button\"\n\t\t\taria-haspopup=\"dialog\"\n\t\t\taria-label=\"Ingrandisci\"\n\t\t\tdata-wp-init=\"callbacks.initTriggerButton\"\n\t\t\tdata-wp-on--click=\"actions.showLightbox\"\n\t\t\tdata-wp-style--right=\"state.imageButtonRight\"\n\t\t\tdata-wp-style--top=\"state.imageButtonTop\"\n\t\t>\n\t\t\t<svg xmlns=\"http:\/\/www.w3.org\/2000\/svg\" width=\"12\" height=\"12\" fill=\"none\" viewBox=\"0 0 12 12\">\n\t\t\t\t<path fill=\"#fff\" d=\"M2 0a2 2 0 0 0-2 2v2h1.5V2a.5.5 0 0 1 .5-.5h2V0H2Zm2 10.5H2a.5.5 0 0 1-.5-.5V8H0v2a2 2 0 0 0 2 2h2v-1.5ZM8 12v-1.5h2a.5.5 0 0 0 .5-.5V8H12v2a2 2 0 0 1-2 2H8Zm2-12a2 2 0 0 1 2 2v2h-1.5V2a.5.5 0 0 0-.5-.5H8V0h2Z\" \/>\n\t\t\t<\/svg>\n\t\t<\/button><\/figure>\n<\/div><\/div>\n\n\n\n<div class=\"wp-block-column is-layout-flow wp-block-column-is-layout-flow\" style=\"flex-basis:66%\">\n<p>La <strong>carta di copertura del suolo<\/strong>, con risoluzione spaziale 10m. Tale carta rappresenta varie classi di copertura del suolo coerenti con il sistema di classificazione EAGLE. I dati di uso e copertura del suolo in Italia, fanno storicamente riferimento al sistema di classificazione Corine Land Cover (CLC), alla base dei prodotti cartografici nazionali a scala 1:100.000 realizzati da ISPRA al III e al IV livello e alla base di quasi tutte le iniziative di interesse regionali e locali a scala di maggior dettaglio. \u00c8 stata avviata recentemente la realizzazione di una seconda generazione di CLC, che andr\u00e0 a migliorare le caratteristiche dell\u2019attuale dato nazionale ed europeo, offrendo inoltre una base a partire dalla quale rendere maggiormente interoperabili gli altri dati locali e paneuropei, quali Urban Atlas, High Resolution Layers, Riparian Zones, Natura 2000, ecc.. A livello nazionale, la carta di copertura del suolo e la carta di uso del suolo d\u2019Italia, realizzate da ISPRA e dal SNPA (come descritto in De Fioravante, P., Strollo, A., Assennato, F., Marinosci, I., Congedo, L., Munaf\u00f2, M., 2022. High Resolution Land Cover Integrating Copernicus Products: A 2012\u20132020 Map of Italy. Land 11), sono state realizzate nell\u2019ottica di risultare il pi\u00f9 possibile coerenti con le specifiche EAGLE, sia per quanto riguarda la separazione tra la componente di uso del suolo da quella di copertura, sia per la scelta dei dati di input utilizzati. Il sistema di classificazione SNPA \u00e8 stato inoltre concepito con l\u2019obiettivo di assicurare maggiore coerenza rispetto alle possibili evoluzioni future dei prodotti Copernicus, con riferimento ai documenti prodotti dal gruppo EAGLE relativamente alle prime specifiche del servizio che sostituir\u00e0 il Corine Land Cover. Per la copertura artificiale, lo strato di riferimento \u00e8 oggi la carta nazionale del consumo di suolo, aggiornata annualmente dal SNPA a 10 metri di risoluzione e liberamente accessibile al link <a href=\"http:\/\/groupware.sinanet.isprambiente.it\">groupware.sinanet.isprambiente.it<\/a><\/p>\n<\/div>\n<\/div>\n\n\n\n<div class=\"wp-block-columns is-layout-flex wp-container-core-columns-is-layout-9d6595d7 wp-block-columns-is-layout-flex\">\n<div class=\"wp-block-column is-layout-flow wp-block-column-is-layout-flow\" style=\"flex-basis:33%\"><div class=\"wp-block-image\">\n<figure data-wp-context=\"{&quot;imageId&quot;:&quot;69fdd6554f70f&quot;}\" data-wp-interactive=\"core\/image\" data-wp-key=\"69fdd6554f70f\" class=\"aligncenter size-full wp-lightbox-container\">\n        <section class=\"mt-4 mb-3 image-content italiawp2-img alignnone\">\n            <figure class=\"m-0 p-3 u-background-grey-60\">\n                <img src=\"https:\/\/www.copernicus-italia.it\/wp-content\/uploads\/2024\/05\/S4-Suolo-Consumato.jpg\" class=\"u-sizeFull\" alt=\"\">\n                <figcaption>\n                    <p>S4-Suolo-Consumato<\/p>\n                <\/figcaption>\n            <\/figure><\/section><button\n\t\t\tclass=\"lightbox-trigger\"\n\t\t\ttype=\"button\"\n\t\t\taria-haspopup=\"dialog\"\n\t\t\taria-label=\"Ingrandisci\"\n\t\t\tdata-wp-init=\"callbacks.initTriggerButton\"\n\t\t\tdata-wp-on--click=\"actions.showLightbox\"\n\t\t\tdata-wp-style--right=\"state.imageButtonRight\"\n\t\t\tdata-wp-style--top=\"state.imageButtonTop\"\n\t\t>\n\t\t\t<svg xmlns=\"http:\/\/www.w3.org\/2000\/svg\" width=\"12\" height=\"12\" fill=\"none\" viewBox=\"0 0 12 12\">\n\t\t\t\t<path fill=\"#fff\" d=\"M2 0a2 2 0 0 0-2 2v2h1.5V2a.5.5 0 0 1 .5-.5h2V0H2Zm2 10.5H2a.5.5 0 0 1-.5-.5V8H0v2a2 2 0 0 0 2 2h2v-1.5ZM8 12v-1.5h2a.5.5 0 0 0 .5-.5V8H12v2a2 2 0 0 1-2 2H8Zm2-12a2 2 0 0 1 2 2v2h-1.5V2a.5.5 0 0 0-.5-.5H8V0h2Z\" \/>\n\t\t\t<\/svg>\n\t\t<\/button><\/figure>\n<\/div><\/div>\n\n\n\n<div class=\"wp-block-column is-layout-flow wp-block-column-is-layout-flow\" style=\"flex-basis:66%\">\n<p>La <strong>carta del suolo consumato<\/strong>, con risoluzione spaziale 10m con un sistema di classificazione ISPRA\/SNPA descritto nel Rapporto Consumo di suolo, dinamiche territoriali e servizi ecosistemici (Munaf\u00f2, M. (a cura di), 2022. Consumo di suolo, dinamiche territoriali e servizi ecosistemici. Edizione 2022. Report SNPA 32\/22). Per consumo di suolo si intende la variazione da copertura non artificiale del suolo (agricolo, naturale, seminaturale) a una copertura artificiale. La L. 132\/2016 individua, tra le funzioni attribuite al SNPA, il monitoraggio del consumo di suolo, che avviene attraverso l\u2019istituzione di una specifica rete di referenti ISPRA\/ARPA\/APPA con il compito di definire le modalit\u00e0 e assicurare le attivit\u00e0 di monitoraggio del territorio e del consumo di suolo a livello nazionale e regionale. Il sistema di classificazione \u00e8 definito dalla rete dei referenti del SNPA e gli aggiornamenti futuri dovranno essere tenuti in considerazione per allineare i nuovi prodotti e la serie temporale completa a partire dal primo anno di produzione. Il servizio e i prodotti dovranno essere coerenti con le definizioni richiamate sopra e con il sistema di monitoraggio SNPA ma dovranno anche integrare e garantire la derivazione di dati utili a rispettare le definizioni delle norme vigenti al momento del rilascio del servizio o dei prodotti a livello nazionale e regionale. Dovr\u00e0 inoltre essere assicurata l\u2019individuazione di cambiamenti di uso e di copertura artificiale del suolo e di nuovi interventi di realizzazione di manufatti, fabbricati, costruzioni, infrastrutture, cantieri, scavi non legati ad attivit\u00e0 agricola, di impermeabilizzazione o di degrado del suolo, anche avvenuti su suoli gi\u00e0 a copertura artificiale o ubicati al di sotto di coperture arboree. La carta e gli indicatori prodotti da ISPRA\/SNPA sono liberamente accessibili al link <a href=\"http:\/\/groupware.sinanet.isprambiente.it\">groupware.sinanet.isprambiente.it<\/a><\/p>\n<\/div>\n<\/div>\n\n\n\n<br><br>\n\n\n\n<p class=\"has-text-align-right has-colore-complementare-color has-text-color has-link-color has-small-font-size wp-elements-26743f5edce7f6db412d24b7fe932f14\"><em>immagine dell&#8217;header: European Union, Copernicus Sentinel-2 imagery &#8211; NDVI elaboration coltural fields Apulia<\/em><\/p>\n","protected":false},"excerpt":{"rendered":"<p>Servizio copertura ed uso del suolo, monitoraggio biodiversit\u00e0, attivit\u00e0 produttive e sostenibilit\u00e0 Per copertura del suolo (Land Cover) si intende la copertura biofisica della superficie terrestre, comprese le superfici artificiali, le zone agricole, i boschi e le foreste, le aree seminaturali, le zone umide, i corpi idrici, come definita dalla direttiva 2007\/2\/CE.<\/p>\n","protected":false},"author":1,"featured_media":747,"parent":365,"menu_order":0,"comment_status":"closed","ping_status":"closed","template":"page-nosidebar.php","meta":{"_eb_attr":"","footnotes":""},"tags":[],"class_list":["post-373","page","type-page","status-publish","has-post-thumbnail","hentry"],"_links":{"self":[{"href":"https:\/\/www.copernicus-italia.it\/index.php?rest_route=\/wp\/v2\/pages\/373","targetHints":{"allow":["GET"]}}],"collection":[{"href":"https:\/\/www.copernicus-italia.it\/index.php?rest_route=\/wp\/v2\/pages"}],"about":[{"href":"https:\/\/www.copernicus-italia.it\/index.php?rest_route=\/wp\/v2\/types\/page"}],"author":[{"embeddable":true,"href":"https:\/\/www.copernicus-italia.it\/index.php?rest_route=\/wp\/v2\/users\/1"}],"replies":[{"embeddable":true,"href":"https:\/\/www.copernicus-italia.it\/index.php?rest_route=%2Fwp%2Fv2%2Fcomments&post=373"}],"version-history":[{"count":8,"href":"https:\/\/www.copernicus-italia.it\/index.php?rest_route=\/wp\/v2\/pages\/373\/revisions"}],"predecessor-version":[{"id":699,"href":"https:\/\/www.copernicus-italia.it\/index.php?rest_route=\/wp\/v2\/pages\/373\/revisions\/699"}],"up":[{"embeddable":true,"href":"https:\/\/www.copernicus-italia.it\/index.php?rest_route=\/wp\/v2\/pages\/365"}],"wp:featuredmedia":[{"embeddable":true,"href":"https:\/\/www.copernicus-italia.it\/index.php?rest_route=\/wp\/v2\/media\/747"}],"wp:attachment":[{"href":"https:\/\/www.copernicus-italia.it\/index.php?rest_route=%2Fwp%2Fv2%2Fmedia&parent=373"}],"wp:term":[{"taxonomy":"post_tag","embeddable":true,"href":"https:\/\/www.copernicus-italia.it\/index.php?rest_route=%2Fwp%2Fv2%2Ftags&post=373"}],"curies":[{"name":"wp","href":"https:\/\/api.w.org\/{rel}","templated":true}]}}