{"id":948,"date":"2025-01-08T14:38:11","date_gmt":"2025-01-08T13:38:11","guid":{"rendered":"https:\/\/www.copernicus-italia.it\/?page_id=948"},"modified":"2025-05-05T15:27:51","modified_gmt":"2025-05-05T13:27:51","slug":"hackathon-spazioculturale","status":"publish","type":"page","link":"https:\/\/www.copernicus-italia.it\/?page_id=948","title":{"rendered":"Hackathon SpazioCulturale"},"content":{"rendered":"\n<div class=\"wp-block-mathml-mathmlblock\"><\/div>\n\n\n\n<p><\/p>\n\n\n\n<p><strong>L\u2019Hackathon SpazioCulturale<\/strong> \u00e8 un evento unico dedicato a far collaborare giovani talenti con diverse competenze per promuovere innovazione nel settore dei beni culturali, qualit\u00e0 dell\u2019arie e cambiamenti climatici, creando un&#8217;idea basata sull\u2019utilizzo dei dati di osservazione della terra e dei prodotti disponibili dai Servizi Copernicus <a href=\"http:\/\/climate.copernicus.eu\/\" data-type=\"link\" data-id=\"http:\/\/climate.copernicus.eu\/\" target=\"_blank\" rel=\"noreferrer noopener\">C3S <\/a>e <a href=\"http:\/\/atmosphere.copernicus.eu\/\" target=\"_blank\" rel=\"noreferrer noopener\">CAMS<\/a>.<\/p>\n\n\n\n<p>Le soluzioni innovative potranno essere formulate durante l\u2019hackathon sotto forma ad esempio di prototipi, mockup, infografiche, dashboard o software da presentare alla giuria per decretare i vincitori.<\/p>\n\n\n\n<p>L&#8217;iniziativa nasce nell&#8217;ambito delle attivit\u00e0 di cooperazione previste nel Memorandum of Understaning tra il Centro Europeo per le previsioni meteorologiche a medio termine (ECMWF) e l\u2019Italia, siglato nell&#8217;ottobre 2022, ed \u00e8 organizzata dal Forum Nazionale degli Utenti Copernicus, dall&#8217;ISPRA e dall&#8217;ECMWF, con il supporto e la sponsorizzazione da parte di e-Geos, Planetek Italia e del progetto Horizon Europe <a href=\"https:\/\/sd-wishees.irsa.cnr.it\/\" target=\"_blank\" rel=\"noreferrer noopener\">SD-WISHEES<\/a>. L&#8217;Hackathon invita giovani talenti a sviluppare soluzioni innovative per affrontare le sfide globali legate alla sostenibilit\u00e0, all&#8217;ambiente e al patrimonio culturale.<\/p>\n\n\n\n<br>\n\n\n\n<h2 class=\"wp-block-heading has-medium-font-size\"><strong>Come Funziona<\/strong>?<\/h2>\n\n\n\n<p>Durante l\u2019Hackathon, studenti universitari, neolaureati, dottorandi e post-doc lavoreranno in squadre multidisciplinari per sviluppare prototipi, dashboard, mockup o altre soluzioni progettuali innovative. Le squadre avranno accesso a dati Copernicus specifici per elaborare idee innovative che rispondano a due sfide principali.<\/p>\n\n\n\n<p>Saranno ammessi non pi\u00f9 di&nbsp;<strong>30<\/strong> partecipanti, che siano studenti&nbsp;universitari degli Atenei italiani di qualsiasi anno e corso di laurea, compresi studenti iscritti ai corsi di dottorato, e Post-Doc entro 5 anni dalla conclusione del percorso accademico. Una volta ammessi i partecipanti saranno suddivisi in un massimo di <strong>10 squadre<\/strong>, formate secondo un criterio di eterogeneit\u00e0 volto a garantire una partecipazione bilanciata in termini di genere e di formazione affinch\u00e9 durante lo svolgimento della challenge emerga un contesto multidisciplinare che favorisca la generazione di idee innovative. Le squadre resteranno invariate per tutta la durata dell\u2019evento.<\/p>\n\n\n\n<p>L\u2019evento si terr\u00e0 in presenza presso il Tecnopolo di Bologna dal 9 all\u201911 maggio 2025, con un programma strutturato in tre giornate:<\/p>\n\n\n\n<ul class=\"wp-block-list\">\n<li><strong>9 maggio:<\/strong> Registrazione dei partecipanti, formazione delle squadre, presentazione delle due challenge da risolvere e dei dataset da utilizzare.<\/li>\n\n\n\n<li><strong>10 maggio:<\/strong> Avvio della competizione e lavoro di squadra per sviluppo del progetto con l\u2019obiettivo di trovare idee innovative per una delle due challenge proposte<\/li>\n\n\n\n<li><strong>11 maggio:<\/strong> Preparazione della presentazione del progetto finale in formato Power Point in italiano e con una pagina introduttiva \u201cabstract\u201d in inglese. Al termine di questo lavoro, un rappresentante della squadra dovr\u00e0 esporre il proprio progetto in 10 minuti di fronte alla giuria. Seguir\u00e0 una fase di valutazione della giuria e la premiazione.<\/li>\n<\/ul>\n\n\n\n<p>La giuria che valuter\u00e0 i progetti sar\u00e0 formata da almeno <strong>5<\/strong> componenti, compresi rappresentanti degli organizzatori e sponsor. La giuria valuter\u00e0 a suo esclusivo e insindacabile giudizio i progetti presentati secondo i seguenti criteri: validit\u00e0 e fattibilit\u00e0 delle idee; forza innovativa della soluzione; impatto comunicativo.<\/p>\n\n\n\n<div class=\"wp-block-essential-blocks-button  root-eb-button-g5jg3\"><div class=\"eb-parent-wrapper eb-parent-eb-button-g5jg3 \"><div class=\"eb-button-wrapper eb-button-alignment eb-button-g5jg3\"><div class=\"eb-button\"><div class=\"eb-button-inner-wrapper \"><a class=\"eb-button-anchor hvr-pop \" href=\"https:\/\/www.copernicus-italia.it\/wp-content\/uploads\/2025\/05\/Hackaton_Programma_v4.pdf\" rel=\"noopener\">Scarica il programma e scopri i componenti\u00a0della\u00a0giuria<\/a><\/div><\/div><\/div><\/div><\/div>\n\n\n\n<div class=\"wp-block-columns is-layout-flex wp-container-core-columns-is-layout-9d6595d7 wp-block-columns-is-layout-flex\">\n<div class=\"wp-block-column is-layout-flow wp-block-column-is-layout-flow\">\n<figure class=\"wp-block-image size-full\">\n        <section class=\"mt-4 mb-3 image-content italiawp2-img alignnone\">\n            <figure class=\"m-0 p-3 u-background-grey-60\">\n                <img src=\"https:\/\/www.copernicus-italia.it\/wp-content\/uploads\/2025\/04\/challenges_hackaton-1.png\" class=\"u-sizeFull\" alt=\"\">\n                <figcaption>\n                    <p>challenges_hackaton<\/p>\n                <\/figcaption>\n            <\/figure><\/section><\/figure>\n<\/div>\n<\/div>\n\n\n\n<br>\n\n\n\n<br>\n\n\n\n<h2 class=\"wp-block-heading has-medium-font-size\"><strong>Chi Pu\u00f2 Partecipare<\/strong><\/h2>\n\n\n\n<p>L\u2019Hackathon \u00e8 aperto a un massimo di 30 partecipanti, selezionati tra studenti universitari di Atenei italiani, neolaureati, dottorandi e post-doc. \u00c8 richiesta la cittadinanza europea e un interesse verso le tematiche ambientali e culturali. La partecipazione \u00e8 gratuita.<\/p>\n\n\n\n<br>\n\n\n\n<h2 class=\"wp-block-heading has-medium-font-size\"><strong>Iscrizioni<\/strong><\/h2>\n\n\n\n<p><strong><mark style=\"background-color:rgba(0, 0, 0, 0)\" class=\"has-inline-color has-colore-primario-scuro-color\">Il termine di iscrizione \u00e8 prorogato alle ore 12:00 del 22 aprile 2025 <\/mark><\/strong>(anzich\u00e9 del 16 aprile 2025).<\/p>\n\n\n\n<p>Le iscrizioni saranno saranno accolte in ordine cronologico di arrivo a giudizio insindacabile del comitato organizzatore.<\/p>\n\n\n\n<p>Gli interessati che intendono partecipare all\u2019iniziativa possono farlo compilando il modulo on line: <a href=\"https:\/\/forms.office.com\/e\/1ZLVhUHFgT\">https:\/\/forms.office.com\/e\/1ZLVhUHFgT<\/a><\/p>\n\n\n\n<br>\n\n\n\n<h2 class=\"wp-block-heading has-medium-font-size\"><strong>Premi e Opportunit\u00e0<\/strong><\/h2>\n\n\n\n<p>Alla chiusura delle iscrizioni, per tutti gli iscritti all\u2019hackathon, verr\u00e0 concesso un <strong>accesso riservato gratuito a 3 corsi Premium di EO-Learning della Planetek Academy<\/strong>. Una volta iscritti ad un corso, gli utenti avranno accesso per 6 mesi.<\/p>\n\n\n\n<p>Dopo lo svolgimento dell&#8217;hackathon, ogni partecipante ricever\u00e0 un attestato di partecipazione.<\/p>\n\n\n\n<p>Verranno premiati <strong>i primi due team classificati <\/strong>secondo il giudizio insindacabile della giuria composta da esperti del settore. Il team vincitore potr\u00e0 scegliere tra i due premi disponibili, mentre al secondo classificato sar\u00e0 assegnato l&#8217;altro premio.<\/p>\n\n\n\n<p><mark style=\"background-color:rgba(0, 0, 0, 0)\" class=\"has-inline-color has-colore-primario-scuro-color\"><strong>Premio 1: tre giorni di coaching intensivo presso la sede di Planetek Italia, a Bari<\/strong><\/mark><\/p>\n\n\n\n<p>Il premio comprende: <strong>Coaching tecnico personalizzato<\/strong> con esperti di Planetek Italia e supporto pratico per ottimizzare e affinare il progetto sviluppato durante l&#8217;hackathon, con accesso a strumenti e risorse avanzate; <strong>Coaching di business strategico<\/strong> per esplorare le potenzialit\u00e0 di mercato della soluzione proposta e consulenza su come trasformare l&#8217;idea in un prodotto o servizio innovativo, con analisi del valore aggiunto per diversi settori di applicazione. L&#8217;esperienza comprende una copertura completa di vitto e alloggio per tutti i membri del team durante il soggiorno a Bari ed una visita guidata agli uffici di Planetek Italia. Questo premio offre l&#8217;opportunit\u00e0 di entrare in contatto con professionisti del settore e membri del team Planetek per sviluppare collaborazioni e ampliare il proprio network e la possibilit\u00e0 di presentare il proprio progetto ai manager di Planetek, ottenendo feedback di alto valore.<\/p>\n\n\n\n<p><strong><mark style=\"background-color:rgba(0, 0, 0, 0)\" class=\"has-inline-color has-colore-primario-scuro-color\">Premio 2: attivit\u00e0 di tutoraggio gratuita di 2-3 mesi da parte di e-GEOS <\/mark><\/strong><\/p>\n\n\n\n<p>Il premio comprende una attivit\u00e0 di tutoraggio gratuita offerta al team vincitore per lo sviluppo di un Proof of Concept e l\u2019analisi del potenziale tecnico e commerciale della soluzione proposta. e-GEOS affiancher\u00e0 al team vincitore un tutor tecnico che funger\u00e0 da guida in questo percorso, coinvolgendo di volta in volta altre figure tecniche di e-GEOS a seconda delle esigenze specifiche. L\u2019attivit\u00e0 di tutoraggio avr\u00e0 una durata presunta di 2-3 mesi e si svolger\u00e0 prevalentemente da remoto, al netto di due eventi in presenza (Kick Off e Chiusura) che si svolgeranno in presenza nella sede e-GEOS di Roma e per i quali e-GEOS si impegna a coprire le eventuali spese di trasferta dei partecipanti del Team vincitore. Sar\u00e0 richiesto ai partecipanti del Team di siglare un Non Disclosure Agreement (NDA).<\/p>\n\n\n\n<p>Il premio comprende una attivit\u00e0 di tutoraggio gratuita offerta al team vincitore per lo sviluppo di un Proof of Concept e l\u2019analisi del potenziale tecnico e commerciale della soluzione proposta. e-GEOS affiancher\u00e0 al team vincitore un tutor tecnico che funger\u00e0 da guida in questo percorso, coinvolgendo di volta in volta altre figure tecniche di e-GEOS a seconda delle esigenze specifiche. L\u2019attivit\u00e0 di tutoraggio avr\u00e0 una durata presunta di 2-3 mesi e si svolger\u00e0 prevalentemente da remoto, al netto di due eventi in presenza (Kick Off e Chiusura) che si svolgeranno in presenza nella sede e-GEOS di Roma e per i quali e-GEOS si impegna a coprire le eventuali spese di trasferta dei partecipanti del Team vincitore. Sar\u00e0 richiesto ai partecipanti del Team di siglare un Non Disclosure Agreement (NDA).<\/p>\n\n\n\n<br>\n\n\n\n<p class=\"has-medium-font-size\"><\/p>\n\n\n\n<div class=\"wp-block-essential-blocks-button  root-eb-button-nvr56\"><div class=\"eb-parent-wrapper eb-parent-eb-button-nvr56 \"><div class=\"eb-button-wrapper eb-button-alignment eb-button-nvr56\"><div class=\"eb-button\"><div class=\"eb-button-inner-wrapper \"><a class=\"eb-button-anchor hvr-pop \" href=\"https:\/\/www.copernicus-italia.it\/wp-content\/uploads\/2025\/02\/Regolamento-hackathon-SpazioCulturale-2025.pdf\" rel=\"noopener\">Scarica il Regolamento<\/a><\/div><\/div><\/div><\/div><\/div>\n\n\n\n<br>\n\n\n\n<h2 class=\"wp-block-heading is-style-default has-x-large-font-size\"><strong>Partecipa all\u2019Hackathon SpazioCulturale e contribuisci a costruire un futuro sostenibile attraverso l\u2019innovazione!<\/strong><\/h2>\n\n\n\n<br>\n\n\n\n<p>Per maggiori informazioni, contattaci via email: webcopernicusufn@isprambiente.it<\/p>\n\n\n\n<p><mark style=\"background-color:rgba(0, 0, 0, 0)\" class=\"has-inline-color has-colore-primario-scuro-color\">Come raggiungere la sede dell&#8217;hackathon<\/mark>: <a href=\"https:\/\/www.google.com\/url?q=https:\/\/www.ecmwf.int\/en\/about\/location\/ecmwf-bologna&amp;source=gmail-imap&amp;ust=1740560242000000&amp;usg=AOvVaw1OXFA7LvKigEFppsSq1kIs\">https:\/\/www.ecmwf.int\/en\/about\/location\/ecmwf-bologna<\/a><\/p>\n\n\n\n<br>\n\n\n\n<p class=\"has-large-font-size\"><strong>Comitato Organizzatore <\/strong><\/p>\n\n\n\n<p>Manuela D\u2019Amen, Antonella Tornato, Stefano Mariani (ISPRA) <\/p>\n\n\n\n<p>Andrea Taramelli (Forum Nazionale Utenti Copernicus e IUSS PAVIA) <\/p>\n\n\n\n<p>Annalisa Buoro, Cristina Ananasso, Martin Palkovic (ECMWF) <\/p>\n\n\n\n<p>Giorgia Ghergo (IUSS PAVIA)<\/p>\n\n\n\n<p><\/p>\n","protected":false},"excerpt":{"rendered":"<p>L\u2019Hackathon SpazioCulturale \u00e8 un evento unico dedicato a far collaborare giovani talenti con diverse competenze per promuovere innovazione nel settore dei beni culturali, qualit\u00e0 dell\u2019arie e cambiamenti climatici, creando un&#8217;idea basata sull\u2019utilizzo dei dati di osservazione della terra e dei prodotti disponibili dai Servizi Copernicus C3S e CAMS.<\/p>\n","protected":false},"author":2,"featured_media":1029,"parent":0,"menu_order":0,"comment_status":"closed","ping_status":"closed","template":"page-nosidebar.php","meta":{"_eb_attr":"","footnotes":""},"tags":[],"class_list":["post-948","page","type-page","status-publish","has-post-thumbnail","hentry"],"_links":{"self":[{"href":"https:\/\/www.copernicus-italia.it\/index.php?rest_route=\/wp\/v2\/pages\/948","targetHints":{"allow":["GET"]}}],"collection":[{"href":"https:\/\/www.copernicus-italia.it\/index.php?rest_route=\/wp\/v2\/pages"}],"about":[{"href":"https:\/\/www.copernicus-italia.it\/index.php?rest_route=\/wp\/v2\/types\/page"}],"author":[{"embeddable":true,"href":"https:\/\/www.copernicus-italia.it\/index.php?rest_route=\/wp\/v2\/users\/2"}],"replies":[{"embeddable":true,"href":"https:\/\/www.copernicus-italia.it\/index.php?rest_route=%2Fwp%2Fv2%2Fcomments&post=948"}],"version-history":[{"count":41,"href":"https:\/\/www.copernicus-italia.it\/index.php?rest_route=\/wp\/v2\/pages\/948\/revisions"}],"predecessor-version":[{"id":1741,"href":"https:\/\/www.copernicus-italia.it\/index.php?rest_route=\/wp\/v2\/pages\/948\/revisions\/1741"}],"wp:featuredmedia":[{"embeddable":true,"href":"https:\/\/www.copernicus-italia.it\/index.php?rest_route=\/wp\/v2\/media\/1029"}],"wp:attachment":[{"href":"https:\/\/www.copernicus-italia.it\/index.php?rest_route=%2Fwp%2Fv2%2Fmedia&parent=948"}],"wp:term":[{"taxonomy":"post_tag","embeddable":true,"href":"https:\/\/www.copernicus-italia.it\/index.php?rest_route=%2Fwp%2Fv2%2Ftags&post=948"}],"curies":[{"name":"wp","href":"https:\/\/api.w.org\/{rel}","templated":true}]}}